{"id":19,"date":"2016-05-24T11:30:51","date_gmt":"2016-05-24T09:30:51","guid":{"rendered":"http:\/\/www.fewo-hannemann.de\/wordpress\/?page_id=19"},"modified":"2026-04-08T13:21:30","modified_gmt":"2026-04-08T11:21:30","slug":"haus-1","status":"publish","type":"page","link":"https:\/\/www.fewo-hannemann.de\/wordpress\/index.php\/haus-1\/","title":{"rendered":"&#8220;Malerhus&#8221; &#8211; Haus 1"},"content":{"rendered":"<h3 style=\"text-align: justify;\"><span style=\"color: #808080;\"><span style=\"font-family: Georgia;\"><span style=\"font-family: Georgia;\"><a style=\"color: #808080;\" href=\"https:\/\/i0.wp.com\/www.fewo-hannemann.de\/wordpress\/wp-content\/uploads\/2016\/06\/LR_IMG_C_4020-Pano.jpg\" target=\"_blank\" rel=\"noopener\"><img data-recalc-dims=\"1\" loading=\"lazy\" decoding=\"async\" data-attachment-id=\"470\" data-permalink=\"https:\/\/www.fewo-hannemann.de\/wordpress\/index.php\/haus-1\/lr_img_c_4020-pano\/\" data-orig-file=\"https:\/\/i0.wp.com\/www.fewo-hannemann.de\/wordpress\/wp-content\/uploads\/2016\/06\/LR_IMG_C_4020-Pano.jpg?fit=1339%2C500&amp;ssl=1\" data-orig-size=\"1339,500\" data-comments-opened=\"0\" data-image-meta=\"{&quot;aperture&quot;:&quot;10&quot;,&quot;credit&quot;:&quot;&quot;,&quot;camera&quot;:&quot;Canon EOS 750D&quot;,&quot;caption&quot;:&quot;&quot;,&quot;created_timestamp&quot;:&quot;1465213647&quot;,&quot;copyright&quot;:&quot;&quot;,&quot;focal_length&quot;:&quot;10&quot;,&quot;iso&quot;:&quot;100&quot;,&quot;shutter_speed&quot;:&quot;0.01&quot;,&quot;title&quot;:&quot;&quot;,&quot;orientation&quot;:&quot;0&quot;}\" data-image-title=\"LR_IMG_C_4020-Pano\" data-image-description=\"\" data-image-caption=\"\" data-large-file=\"https:\/\/i0.wp.com\/www.fewo-hannemann.de\/wordpress\/wp-content\/uploads\/2016\/06\/LR_IMG_C_4020-Pano.jpg?fit=1024%2C382&amp;ssl=1\" class=\"aligncenter wp-image-470 size-full\" src=\"https:\/\/i0.wp.com\/www.fewo-hannemann.de\/wordpress\/wp-content\/uploads\/2016\/06\/LR_IMG_C_4020-Pano.jpg?resize=1170%2C437\" alt=\"LR_IMG_C_4020-Pano\" width=\"1170\" height=\"437\" srcset=\"https:\/\/i0.wp.com\/www.fewo-hannemann.de\/wordpress\/wp-content\/uploads\/2016\/06\/LR_IMG_C_4020-Pano.jpg?w=1339&amp;ssl=1 1339w, https:\/\/i0.wp.com\/www.fewo-hannemann.de\/wordpress\/wp-content\/uploads\/2016\/06\/LR_IMG_C_4020-Pano.jpg?resize=300%2C112&amp;ssl=1 300w, https:\/\/i0.wp.com\/www.fewo-hannemann.de\/wordpress\/wp-content\/uploads\/2016\/06\/LR_IMG_C_4020-Pano.jpg?resize=768%2C287&amp;ssl=1 768w, https:\/\/i0.wp.com\/www.fewo-hannemann.de\/wordpress\/wp-content\/uploads\/2016\/06\/LR_IMG_C_4020-Pano.jpg?resize=1024%2C382&amp;ssl=1 1024w\" sizes=\"auto, (max-width: 1170px) 100vw, 1170px\" \/><br \/>\n<\/a><\/span><\/span><\/span><\/h3>\n<h4 style=\"text-align: justify;\"><span style=\"color: #808080;\"><span style=\"font-family: Georgia;\"><span style=\"font-family: Georgia;\">Genie\u00dfen Sie die Ruhe pur und verleben Sie <\/span><span style=\"font-family: Georgia;\">auf unserem idyllisch gelegenem Wassergrundst\u00fcck, <\/span><span style=\"font-family: Georgia;\">im Haus 1, welches idyllisch am eigenen Anleger direkt am Peenestrom <\/span><span style=\"font-family: Georgia;\">im S\u00fcd-Westen der Insel Usedom <\/span><span style=\"font-family: Georgia;\">gelegen ist, Ihren Urlaub.<\/span><\/span><\/span><\/h4>\n<h4 style=\"text-align: justify;\"><\/h4>\n<h4 style=\"text-align: justify;\"><span style=\"color: #808080;\">Abseits vom Massentourismus und \u00f6ffentlichen Stra\u00dfen, erleben und entdecken Sie die Natur und die reizvolle Landschaft der Insel. <span style=\"font-family: Georgia;\">Auf dem gro\u00dfen Wassergrundst\u00fcck mit eigenem Yachthafen und Slipanlage befinden sich eine Liegewiese, Grillpl\u00e4tze und Parkm\u00f6glichkeiten. Eigene Segel- und Motorboote k\u00f6nnen mitgebracht werden. Bootsfahrten und Wasserski sind gegen geringe Geb\u00fchr m\u00f6glich. Ein Motorboot kann ausgeliehen werden und Ruderboote stehen Ihnen kostenlos zur Verf\u00fcgung. <\/span><span style=\"font-family: Georgia;\">Es bestehen ideale M\u00f6glichkeiten f\u00fcr Angler und Wassersportler.<\/span><\/span><\/h4>\n<p>&nbsp;<\/p>\n<h4 style=\"text-align: center;\"><span style=\"color: #808080;\">W\u00e4hlen k\u00f6nnen Sie hier zwischen 6 liebevoll eingerichteten Appartements.<\/span><\/h4>\n<h4><\/h4>\n<ul>\n<li style=\"list-style-type: none;\">\n<ul>\n<li style=\"list-style-type: none;\">\n<ul>\n<li style=\"list-style-type: none;\">\n<ul>\n<li style=\"text-align: left;\">\n<h4 style=\"text-align: left;\"><span style=\"color: #808080;\"><a style=\"color: #808080;\" href=\"http:\/\/www.fewo-hannemann.de\/wordpress\/index.php\/appartement1\/\">Appartement 1<\/a><\/span><\/h4>\n<\/li>\n<li style=\"text-align: left;\">\n<h4><span style=\"color: #808080;\"><a style=\"color: #808080;\" href=\"http:\/\/www.fewo-hannemann.de\/wordpress\/index.php\/appartement-2\/\">Appartement 2<\/a><\/span><\/h4>\n<\/li>\n<li style=\"text-align: left;\">\n<h4><span style=\"color: #808080;\"><a style=\"color: #808080;\" href=\"http:\/\/www.fewo-hannemann.de\/wordpress\/index.php\/appartement-3\/\">Appartement 3<\/a><\/span><\/h4>\n<\/li>\n<li style=\"text-align: left;\">\n<h4><span style=\"color: #808080;\"><a style=\"color: #808080;\" href=\"http:\/\/www.fewo-hannemann.de\/wordpress\/index.php\/appartement-4\/\">Appartement 4<\/a><\/span><\/h4>\n<\/li>\n<li style=\"text-align: left;\">\n<h4><span style=\"color: #808080;\"><a style=\"color: #808080;\" href=\"http:\/\/www.fewo-hannemann.de\/wordpress\/index.php\/appartement-5\/\">Appartement 5<\/a><\/span><\/h4>\n<\/li>\n<li style=\"text-align: center;\">\n<h4 style=\"text-align: left;\"><span style=\"color: #808080;\"><a style=\"color: #808080;\" href=\"http:\/\/www.fewo-hannemann.de\/wordpress\/index.php\/appartement-6\/\">Appartement 6<\/a><\/span><\/h4>\n<\/li>\n<li style=\"text-align: left;\">\n<h4><span style=\"color: #808080;\"><a style=\"color: #808080;\" href=\"http:\/\/www.fewo-hannemann.de\/wordpress\/index.php\/saunabereich-gemeinschaftsraum\/\">Saunabereich \/ Gemeinschaftsraum<\/a><\/span><\/h4>\n<\/li>\n<\/ul>\n<\/li>\n<\/ul>\n<\/li>\n<\/ul>\n<\/li>\n<\/ul>\n<h4><\/h4>\n<p class=\"jetpack-slideshow-noscript robots-nocontent\">Diese Diashow ben\u00f6tigt JavaScript.<\/p><div id=\"gallery-19-1-slideshow\" class=\"jetpack-slideshow-window jetpack-slideshow jetpack-slideshow-black\" data-trans=\"fade\" data-autostart=\"1\" data-gallery=\"[{&quot;src&quot;:&quot;https:\\\/\\\/i0.wp.com\\\/www.fewo-hannemann.de\\\/wordpress\\\/wp-content\\\/uploads\\\/2016\\\/06\\\/20160606-IMG_C_4117.jpg?fit=1011%2C674\\u0026ssl=1&quot;,&quot;id&quot;:&quot;430&quot;,&quot;title&quot;:&quot;20160606-IMG_C_4117&quot;,&quot;alt&quot;:&quot;&quot;,&quot;caption&quot;:&quot;Kurz vor dem Urlaub\\u0026#8230;&quot;,&quot;itemprop&quot;:&quot;image&quot;},{&quot;src&quot;:&quot;https:\\\/\\\/i0.wp.com\\\/www.fewo-hannemann.de\\\/wordpress\\\/wp-content\\\/uploads\\\/2016\\\/06\\\/20160606-IMG_5929.jpg?fit=1011%2C674\\u0026ssl=1&quot;,&quot;id&quot;:&quot;422&quot;,&quot;title&quot;:&quot;20160606-IMG_5929&quot;,&quot;alt&quot;:&quot;&quot;,&quot;caption&quot;:&quot;Haus 1 \\u0026#8211; Ansicht&quot;,&quot;itemprop&quot;:&quot;image&quot;},{&quot;src&quot;:&quot;https:\\\/\\\/i0.wp.com\\\/www.fewo-hannemann.de\\\/wordpress\\\/wp-content\\\/uploads\\\/2016\\\/06\\\/20160606-IMG_C_4084.jpg?fit=1011%2C674\\u0026ssl=1&quot;,&quot;id&quot;:&quot;428&quot;,&quot;title&quot;:&quot;20160606-IMG_C_4084&quot;,&quot;alt&quot;:&quot;&quot;,&quot;caption&quot;:&quot;Umgebung&quot;,&quot;itemprop&quot;:&quot;image&quot;},{&quot;src&quot;:&quot;https:\\\/\\\/i0.wp.com\\\/www.fewo-hannemann.de\\\/wordpress\\\/wp-content\\\/uploads\\\/2016\\\/06\\\/20160606-IMG_C_4069.jpg?fit=1011%2C674\\u0026ssl=1&quot;,&quot;id&quot;:&quot;426&quot;,&quot;title&quot;:&quot;20160606-IMG_C_4069&quot;,&quot;alt&quot;:&quot;&quot;,&quot;caption&quot;:&quot;Haus 1 \\u0026#8211; Ansicht&quot;,&quot;itemprop&quot;:&quot;image&quot;},{&quot;src&quot;:&quot;https:\\\/\\\/i0.wp.com\\\/www.fewo-hannemann.de\\\/wordpress\\\/wp-content\\\/uploads\\\/2016\\\/06\\\/20160606-IMG_C_4019.jpg?fit=1011%2C674\\u0026ssl=1&quot;,&quot;id&quot;:&quot;423&quot;,&quot;title&quot;:&quot;20160606-IMG_C_4019&quot;,&quot;alt&quot;:&quot;&quot;,&quot;caption&quot;:&quot;Umgebung&quot;,&quot;itemprop&quot;:&quot;image&quot;},{&quot;src&quot;:&quot;https:\\\/\\\/i0.wp.com\\\/www.fewo-hannemann.de\\\/wordpress\\\/wp-content\\\/uploads\\\/2016\\\/06\\\/20160606-IMG_5922.jpg?fit=1011%2C674\\u0026ssl=1&quot;,&quot;id&quot;:&quot;420&quot;,&quot;title&quot;:&quot;20160606-IMG_5922&quot;,&quot;alt&quot;:&quot;&quot;,&quot;caption&quot;:&quot;Haus 1 \\u0026#8211; Ansicht&quot;,&quot;itemprop&quot;:&quot;image&quot;}]\" itemscope itemtype=\"https:\/\/schema.org\/ImageGallery\"><\/div>\n","protected":false},"excerpt":{"rendered":"<p>Genie\u00dfen Sie die Ruhe pur und verleben Sie auf unserem idyllisch gelegenem Wassergrundst\u00fcck, im Haus 1, welches idyllisch am eigenen Anleger direkt am Peenestrom im S\u00fcd-Westen der Insel Usedom gelegen ist, Ihren Urlaub. Abseits vom Massentourismus und \u00f6ffentlichen Stra\u00dfen, erleben und entdecken Sie die Natur und die reizvolle Landschaft der Insel. Auf dem gro\u00dfen Wassergrundst\u00fcck [&hellip;]<\/p>\n","protected":false},"author":2,"featured_media":0,"parent":0,"menu_order":0,"comment_status":"closed","ping_status":"closed","template":"","meta":{"jetpack_post_was_ever_published":false,"footnotes":""},"class_list":["post-19","page","type-page","status-publish","hentry"],"jetpack_sharing_enabled":false,"jetpack_shortlink":"https:\/\/wp.me\/P7zhWH-j","jetpack-related-posts":[],"_links":{"self":[{"href":"https:\/\/www.fewo-hannemann.de\/wordpress\/index.php\/wp-json\/wp\/v2\/pages\/19","targetHints":{"allow":["GET"]}}],"collection":[{"href":"https:\/\/www.fewo-hannemann.de\/wordpress\/index.php\/wp-json\/wp\/v2\/pages"}],"about":[{"href":"https:\/\/www.fewo-hannemann.de\/wordpress\/index.php\/wp-json\/wp\/v2\/types\/page"}],"author":[{"embeddable":true,"href":"https:\/\/www.fewo-hannemann.de\/wordpress\/index.php\/wp-json\/wp\/v2\/users\/2"}],"replies":[{"embeddable":true,"href":"https:\/\/www.fewo-hannemann.de\/wordpress\/index.php\/wp-json\/wp\/v2\/comments?post=19"}],"version-history":[{"count":5,"href":"https:\/\/www.fewo-hannemann.de\/wordpress\/index.php\/wp-json\/wp\/v2\/pages\/19\/revisions"}],"predecessor-version":[{"id":798,"href":"https:\/\/www.fewo-hannemann.de\/wordpress\/index.php\/wp-json\/wp\/v2\/pages\/19\/revisions\/798"}],"wp:attachment":[{"href":"https:\/\/www.fewo-hannemann.de\/wordpress\/index.php\/wp-json\/wp\/v2\/media?parent=19"}],"curies":[{"name":"wp","href":"https:\/\/api.w.org\/{rel}","templated":true}]}}